{"id":22,"date":"2020-11-05T03:40:18","date_gmt":"2020-11-05T03:40:18","guid":{"rendered":"https:\/\/radiustheme.com\/demo\/wordpress\/themes\/roofix\/?page_id=22"},"modified":"2024-10-20T09:04:43","modified_gmt":"2024-10-20T09:04:43","slug":"iletisim","status":"publish","type":"page","link":"https:\/\/metsanaluminyum.com\/v1\/iletisim\/","title":{"rendered":"\u0130leti\u015fim"},"content":{"rendered":"\t\t<div data-elementor-type=\"wp-page\" data-elementor-id=\"22\" class=\"elementor elementor-22\" data-elementor-post-type=\"page\">\n\t\t\t\t\t\t<section class=\"elementor-section elementor-top-section elementor-element elementor-element-6eb7de3 elementor-section-boxed elementor-section-height-default elementor-section-height-default\" data-id=\"6eb7de3\" data-element_type=\"section\" data-settings=\"{&quot;background_background&quot;:&quot;classic&quot;}\">\n\t\t\t\t\t\t<div class=\"elementor-container elementor-column-gap-extended\">\n\t\t\t\t\t<div class=\"elementor-column elementor-col-33 elementor-top-column elementor-element elementor-element-6c13dc4\" data-id=\"6c13dc4\" data-element_type=\"column\">\n\t\t\t<div class=\"elementor-widget-wrap elementor-element-populated\">\n\t\t\t\t\t\t<section class=\"elementor-section elementor-inner-section elementor-element elementor-element-83c1807 elementor-section-boxed elementor-section-height-default elementor-section-height-default\" data-id=\"83c1807\" data-element_type=\"section\">\n\t\t\t\t\t\t<div class=\"elementor-container elementor-column-gap-default\">\n\t\t\t\t\t<div class=\"elementor-column elementor-col-100 elementor-inner-column elementor-element elementor-element-eb25905\" data-id=\"eb25905\" data-element_type=\"column\" data-settings=\"{&quot;background_background&quot;:&quot;classic&quot;}\">\n\t\t\t<div class=\"elementor-widget-wrap elementor-element-populated\">\n\t\t\t\t\t\t<div class=\"elementor-element elementor-element-221ab6e elementor-widget elementor-widget-rt-title\" data-id=\"221ab6e\" data-element_type=\"widget\" data-widget_type=\"rt-title.default\">\n\t\t\t\t<div class=\"elementor-widget-container\">\n\t\t\t<div class=\"heading-default-layout heading-layout1new\">\t\t\t\n\t\t\t<div class=\"item-beforetitle item-subtitle\">\u0130leti\u015fim<\/div>\t\t\n\t\t<h2 class=\"item-title\"> Metsan Aluminyum <\/h2>\n\t\t\t\t<p class=\"section-subtitle\">\u00dcr\u00fcn ve Hizmetlerimiz hakk\u0131nda her t\u00fcrl\u00fc bilgi ve destek almak i\u00e7in l\u00fctfen bize ula\u015f\u0131n\u0131z<\/p>\n\t<\/div>\n\t\t<\/div>\n\t\t\t\t<\/div>\n\t\t\t\t<div class=\"elementor-element elementor-element-f43184a elementor-widget elementor-widget-rt-contact\" data-id=\"f43184a\" data-element_type=\"widget\" data-widget_type=\"rt-contact.default\">\n\t\t\t\t<div class=\"elementor-widget-container\">\n\t\t\t\n  \n      <div class=\"contact-box-layout15\">\n                   <div class=\"media\">\n              <div class=\"item-icon\">\n                  <i class=\"fas fa-map-marker-alt\"><\/i>\n              <\/div>\n              <div class=\"media-body space-md\">\n                  \n                                    <h3 class=\"item-label\">Adres : <\/h3>\n              \n                  <ul class=\"content-style\">\n                                  <li>Bah\u00e7elievler Mah.Mehmet Akif Ersoy Cad. No 3 \/ 11 Midyat\/MARAD\u0130N<\/li>\n                                              <\/ul>\n              <\/div>\n          <\/div>\n              <div class=\"media\">\n              <div class=\"item-icon\">\n                  <i class=\"far fa-envelope\"><\/i>\n              <\/div>\n              <div class=\"media-body space-md\">\n                              <h3 class=\"item-label\">E-Mail Adreslerimiz<\/h3>\n              \n             <ul class=\"content-style\">\n                                  <li>satis@metsanaluminyum.com<\/li>\n                                                  <li>destek@metsanaluminyum<\/li>\n                              <\/ul>\n              <\/div>\n          <\/div>\n          <div class=\"media\">\n              <div class=\"item-icon\">\n                  <i class=\"fas fa-phone-volume\"><\/i>\n              <\/div>\n              <div class=\"media-body space-md\">\n                                      <h3 class=\"item-label\">Telefon Numaralar\u0131m\u0131z<\/h3>\n                                    <ul class=\"content-style\">\n                                  <li>+90 532 498 86 91<\/li>\n                                                  <li>+90 533 969 61 47<\/li>\n                              <\/ul>\n              <\/div>\n          <\/div>\n      \n      <\/div>\n\t\t<\/div>\n\t\t\t\t<\/div>\n\t\t\t\t\t<\/div>\n\t\t<\/div>\n\t\t\t\t\t<\/div>\n\t\t<\/section>\n\t\t\t\t\t<\/div>\n\t\t<\/div>\n\t\t\t\t<div class=\"elementor-column elementor-col-33 elementor-top-column elementor-element elementor-element-a523cb1\" data-id=\"a523cb1\" data-element_type=\"column\">\n\t\t\t<div class=\"elementor-widget-wrap\">\n\t\t\t\t\t\t\t<\/div>\n\t\t<\/div>\n\t\t\t\t<div class=\"elementor-column elementor-col-33 elementor-top-column elementor-element elementor-element-85ef20b\" data-id=\"85ef20b\" data-element_type=\"column\">\n\t\t\t<div class=\"elementor-widget-wrap elementor-element-populated\">\n\t\t\t\t\t\t<section class=\"elementor-section elementor-inner-section elementor-element elementor-element-4fa3446 elementor-section-boxed elementor-section-height-default elementor-section-height-default\" data-id=\"4fa3446\" data-element_type=\"section\">\n\t\t\t\t\t\t<div class=\"elementor-container elementor-column-gap-default\">\n\t\t\t\t\t<div class=\"elementor-column elementor-col-100 elementor-inner-column elementor-element elementor-element-3dc462e\" data-id=\"3dc462e\" data-element_type=\"column\" data-settings=\"{&quot;background_background&quot;:&quot;classic&quot;}\">\n\t\t\t<div class=\"elementor-widget-wrap elementor-element-populated\">\n\t\t\t\t\t<div class=\"elementor-background-overlay\"><\/div>\n\t\t\t\t\t\t<div class=\"elementor-element elementor-element-9ffe3d1 elementor-widget elementor-widget-rt-title\" data-id=\"9ffe3d1\" data-element_type=\"widget\" data-widget_type=\"rt-title.default\">\n\t\t\t\t<div class=\"elementor-widget-container\">\n\t\t\t<div class=\"heading-default-layout heading-layout1new\">\t\t\t\n\t\t\t<div class=\"item-beforetitle item-subtitle\">\u0130leti\u015fim Formu<\/div>\t\t\n\t\t<h2 class=\"item-title\"> Mesaj G\u00f6nderin <\/h2>\n\t\t<\/div>\n\t\t<\/div>\n\t\t\t\t<\/div>\n\t\t\t\t<div class=\"elementor-element elementor-element-77a9f07 elementor-widget elementor-widget-shortcode\" data-id=\"77a9f07\" data-element_type=\"widget\" data-widget_type=\"shortcode.default\">\n\t\t\t\t<div class=\"elementor-widget-container\">\n\t\t\t\t\t<div class=\"elementor-shortcode\">\n<div class=\"wpcf7 no-js\" id=\"wpcf7-f623-o1\" lang=\"en-US\" dir=\"ltr\">\n<div class=\"screen-reader-response\"><p role=\"status\" aria-live=\"polite\" aria-atomic=\"true\"><\/p> <ul><\/ul><\/div>\n<form action=\"\/v1\/wp-json\/wp\/v2\/pages\/22#wpcf7-f623-o1\" method=\"post\" class=\"wpcf7-form init\" aria-label=\"Contact form\" novalidate=\"novalidate\" data-status=\"init\">\n<div style=\"display: none;\">\n<input type=\"hidden\" name=\"_wpcf7\" value=\"623\" \/>\n<input type=\"hidden\" name=\"_wpcf7_version\" value=\"5.9.8\" \/>\n<input type=\"hidden\" name=\"_wpcf7_locale\" value=\"en_US\" \/>\n<input type=\"hidden\" name=\"_wpcf7_unit_tag\" value=\"wpcf7-f623-o1\" \/>\n<input type=\"hidden\" name=\"_wpcf7_container_post\" value=\"0\" \/>\n<input type=\"hidden\" name=\"_wpcf7_posted_data_hash\" value=\"\" \/>\n<\/div>\n<div class=\"contact-form-box-light\">\n\t<div class=\"row\">\n\t\t<div class=\"col-12 form-group\">\n\t\t\t<p><span class=\"wpcf7-form-control-wrap\" data-name=\"cname\"><input size=\"40\" maxlength=\"400\" class=\"wpcf7-form-control wpcf7-text wpcf7-validates-as-required form-control\" aria-required=\"true\" aria-invalid=\"false\" placeholder=\"Ad Soyad *\" value=\"\" type=\"text\" name=\"cname\" \/><\/span>\n\t\t\t<\/p>\n\t\t<\/div>\n\t\t<div class=\"col-12 form-group\">\n\t\t\t<p><span class=\"wpcf7-form-control-wrap\" data-name=\"email\"><input size=\"40\" maxlength=\"400\" class=\"wpcf7-form-control wpcf7-email wpcf7-validates-as-required wpcf7-text wpcf7-validates-as-email form-control\" aria-required=\"true\" aria-invalid=\"false\" placeholder=\"E-mail *\" value=\"\" type=\"email\" name=\"email\" \/><\/span>\n\t\t\t<\/p>\n\t\t<\/div>\n\t\t<div class=\"col-12 form-group\">\n\t\t\t<p><span class=\"wpcf7-form-control-wrap\" data-name=\"phone\"><input size=\"40\" maxlength=\"400\" class=\"wpcf7-form-control wpcf7-text wpcf7-validates-as-required form-control\" aria-required=\"true\" aria-invalid=\"false\" placeholder=\"Telefon Numaras\u0131 *\" value=\"\" type=\"text\" name=\"phone\" \/><\/span>\n\t\t\t<\/p>\n\t\t<\/div>\n\t\t<div class=\"col-12 form-group\">\n\t\t\t<p><span class=\"wpcf7-form-control-wrap\" data-name=\"address\"><input size=\"40\" maxlength=\"400\" class=\"wpcf7-form-control wpcf7-text wpcf7-validates-as-required form-control\" aria-required=\"true\" aria-invalid=\"false\" placeholder=\"Adresiniz*\" value=\"\" type=\"text\" name=\"address\" \/><\/span>\n\t\t\t<\/p>\n\t\t<\/div>\n\t\t<div class=\"col-12 form-group\">\n\t\t\t<p><span class=\"wpcf7-form-control-wrap\" data-name=\"textarea-744\"><textarea cols=\"40\" rows=\"10\" maxlength=\"2000\" class=\"wpcf7-form-control wpcf7-textarea\" aria-invalid=\"false\" placeholder=\"Mesaj\u0131n\u0131z\" name=\"textarea-744\"><\/textarea><\/span>\n\t\t\t<\/p>\n\t\t<\/div>\n\t\t<div class=\"col-12 form-group\">\n\t\t\t<p><input class=\"wpcf7-form-control wpcf7-submit has-spinner item-btn fw-btn-fill mg-t-10 bg-Primary text-textprimary disabled\" type=\"submit\" value=\"G\u00f6nder\" \/>\n\t\t\t<\/p>\n\t\t<\/div>\n\t<\/div>\n<\/div><div class=\"wpcf7-response-output\" aria-hidden=\"true\"><\/div>\n<\/form>\n<\/div>\n<\/div>\n\t\t\t\t<\/div>\n\t\t\t\t<\/div>\n\t\t\t\t\t<\/div>\n\t\t<\/div>\n\t\t\t\t\t<\/div>\n\t\t<\/section>\n\t\t\t\t\t<\/div>\n\t\t<\/div>\n\t\t\t\t\t<\/div>\n\t\t<\/section>\n\t\t\t\t<section class=\"elementor-section elementor-top-section elementor-element elementor-element-0d90aed elementor-section-full_width elementor-section-height-default elementor-section-height-default\" data-id=\"0d90aed\" data-element_type=\"section\">\n\t\t\t\t\t\t<div class=\"elementor-container elementor-column-gap-no\">\n\t\t\t\t\t<div class=\"elementor-column elementor-col-100 elementor-top-column elementor-element elementor-element-d86e987\" data-id=\"d86e987\" data-element_type=\"column\">\n\t\t\t<div class=\"elementor-widget-wrap elementor-element-populated\">\n\t\t\t\t\t\t<div class=\"elementor-element elementor-element-baf978d elementor-widget elementor-widget-google_maps\" data-id=\"baf978d\" data-element_type=\"widget\" data-widget_type=\"google_maps.default\">\n\t\t\t\t<div class=\"elementor-widget-container\">\n\t\t\t<style>\/*! elementor - v3.22.0 - 24-06-2024 *\/\n.elementor-widget-google_maps .elementor-widget-container{overflow:hidden}.elementor-widget-google_maps .elementor-custom-embed{line-height:0}.elementor-widget-google_maps iframe{height:300px}<\/style>\t\t<div class=\"elementor-custom-embed\">\n\t\t\t<iframe loading=\"lazy\"\n\t\t\t\t\tsrc=\"https:\/\/maps.google.com\/maps?q=Metsan%20Aluminyum%20Mardin&#038;t=m&#038;z=10&#038;output=embed&#038;iwloc=near\"\n\t\t\t\t\ttitle=\"Metsan Aluminyum Mardin\"\n\t\t\t\t\taria-label=\"Metsan Aluminyum Mardin\"\n\t\t\t><\/iframe>\n\t\t<\/div>\n\t\t\t\t<\/div>\n\t\t\t\t<\/div>\n\t\t\t\t\t<\/div>\n\t\t<\/div>\n\t\t\t\t\t<\/div>\n\t\t<\/section>\n\t\t\t\t<\/div>\n\t\t","protected":false},"excerpt":{"rendered":"<p>\u0130leti\u015fim Metsan Aluminyum \u00dcr\u00fcn ve Hizmetlerimiz hakk\u0131nda her t\u00fcrl\u00fc bilgi ve destek almak i\u00e7in l\u00fctfen bize ula\u015f\u0131n\u0131z Adres : Bah\u00e7elievler Mah.Mehmet Akif Ersoy Cad. No 3 \/ 11 Midyat\/MARAD\u0130N E-Mail Adreslerimiz satis@metsanaluminyum.com destek@metsanaluminyum Telefon Numaralar\u0131m\u0131z +90 532 498 86 91 +90 533 969 61 47 \u0130leti\u015fim Formu Mesaj G\u00f6nderin<\/p>\n","protected":false},"author":1,"featured_media":0,"parent":0,"menu_order":0,"comment_status":"closed","ping_status":"closed","template":"elementor_header_footer","meta":{"footnotes":""},"class_list":["post-22","page","type-page","status-publish","hentry"],"_links":{"self":[{"href":"https:\/\/metsanaluminyum.com\/v1\/wp-json\/wp\/v2\/pages\/22","targetHints":{"allow":["GET"]}}],"collection":[{"href":"https:\/\/metsanaluminyum.com\/v1\/wp-json\/wp\/v2\/pages"}],"about":[{"href":"https:\/\/metsanaluminyum.com\/v1\/wp-json\/wp\/v2\/types\/page"}],"author":[{"embeddable":true,"href":"https:\/\/metsanaluminyum.com\/v1\/wp-json\/wp\/v2\/users\/1"}],"replies":[{"embeddable":true,"href":"https:\/\/metsanaluminyum.com\/v1\/wp-json\/wp\/v2\/comments?post=22"}],"version-history":[{"count":7,"href":"https:\/\/metsanaluminyum.com\/v1\/wp-json\/wp\/v2\/pages\/22\/revisions"}],"predecessor-version":[{"id":4489,"href":"https:\/\/metsanaluminyum.com\/v1\/wp-json\/wp\/v2\/pages\/22\/revisions\/4489"}],"wp:attachment":[{"href":"https:\/\/metsanaluminyum.com\/v1\/wp-json\/wp\/v2\/media?parent=22"}],"curies":[{"name":"wp","href":"https:\/\/api.w.org\/{rel}","templated":true}]}}